{"id":732,"date":"2025-07-16T18:25:16","date_gmt":"2025-07-16T16:25:16","guid":{"rendered":"https:\/\/www.geo-discount.ch\/blog\/?page_id=732"},"modified":"2025-07-16T18:28:11","modified_gmt":"2025-07-16T16:28:11","slug":"werde-teil-der-geocaching-community-by-geo-discount-ch","status":"publish","type":"page","link":"https:\/\/www.geo-discount.ch\/blog\/werde-teil-der-geocaching-community-by-geo-discount-ch\/","title":{"rendered":"Werde Teil der Geocaching Community by Geo-Discount.ch!"},"content":{"rendered":"\n<p>Du liebst <strong>Geocaching<\/strong> und m\u00f6chtest dich mit anderen Schatzsuchern vernetzen? Dann bist du hier genau richtig! Unsere <strong>WhatsApp-Community<\/strong> bringt Geocacher aus der ganzen Schweiz und Liechtenstein zusammen \u2013 schnell, einfach und direkt auf dein Handy! Einfach QR-Code scannen und sofort beitreten.<br>&nbsp;<\/p>\n\n\n\n<figure class=\"wp-block-image size-full\"><img loading=\"lazy\" decoding=\"async\" width=\"823\" height=\"332\" src=\"https:\/\/www.geo-discount.ch\/blog\/wp-content\/uploads\/2025\/07\/Teaser-Community2.jpg\" alt=\"\" class=\"wp-image-738\" srcset=\"https:\/\/www.geo-discount.ch\/blog\/wp-content\/uploads\/2025\/07\/Teaser-Community2.jpg 823w, https:\/\/www.geo-discount.ch\/blog\/wp-content\/uploads\/2025\/07\/Teaser-Community2-300x121.jpg 300w, https:\/\/www.geo-discount.ch\/blog\/wp-content\/uploads\/2025\/07\/Teaser-Community2-768x310.jpg 768w\" sizes=\"auto, (max-width: 823px) 100vw, 823px\" \/><\/figure>\n\n\n\n<p>Mit dem Scannen des QR-Codes bist du mit unseren Datenschutz &amp; Community-Richtlinien einverstanden.<br>&nbsp;<\/p>\n\n\n\n<h2 class=\"wp-block-heading\"><strong>Was erwartet dich in unserer Community?<\/strong><\/h2>\n\n\n\n<ul class=\"wp-block-list\">\n<li>\u2714 Tausche dich mit anderen Geocaching-Begeisterten aus<\/li>\n\n\n\n<li>\u2714 Triff Leute aus deiner N\u00e4he und finde neue Caching-Partner<\/li>\n\n\n\n<li>\u2714 Mache Werbung f\u00fcr deine eigenen Events &amp; Treffen<\/li>\n\n\n\n<li>\u2714 Teile deine Erlebnisse und tausche Tipps &amp; Tricks aus<\/li>\n\n\n\n<li>\u2714 Hole dir Hilfe bei schwierigen Caches direkt aus der Community<\/li>\n\n\n\n<li>\u2714 Ver\u00f6ffentliche deine eigenen Caches und erreiche mehr Geocacher<\/li>\n\n\n\n<li>\u2714 Erhalte Neuigkeiten, spannende Updates &amp; exklusive Infos<\/li>\n<\/ul>\n\n\n\n<hr class=\"wp-block-separator has-alpha-channel-opacity\"\/>\n\n\n\n<p><strong>Alles bequem per WhatsApp \u2013 einfach, schnell und unkompliziert!<\/strong><\/p>\n\n\n\n<p><strong>Die Community ist und bleibt nat\u00fcrlich 100% kostenlos!<\/strong><\/p>\n\n\n\n<p class=\"has-small-font-size\"><strong>Jetzt beitreten und Teil der gr\u00f6ssten Geocaching-Community werden! Einfach QR-Code scannen:<\/strong>&nbsp;<img loading=\"lazy\" decoding=\"async\" width=\"150\" height=\"151\" class=\"wp-image-733\" style=\"width: 150px;\" src=\"https:\/\/www.geo-discount.ch\/blog\/wp-content\/uploads\/2025\/07\/Bildschirmfoto-2025-07-16-um-18.24.47.png\" alt=\"\" srcset=\"https:\/\/www.geo-discount.ch\/blog\/wp-content\/uploads\/2025\/07\/Bildschirmfoto-2025-07-16-um-18.24.47.png 220w, https:\/\/www.geo-discount.ch\/blog\/wp-content\/uploads\/2025\/07\/Bildschirmfoto-2025-07-16-um-18.24.47-150x150.png 150w\" sizes=\"auto, (max-width: 150px) 100vw, 150px\" \/><\/p>\n\n\n\n<hr class=\"wp-block-separator has-alpha-channel-opacity\"\/>\n\n\n\n<h2 class=\"wp-block-heading\"><strong>Datenschutz &amp; Community-Richtlinien<\/strong><\/h2>\n\n\n\n<p>Mit dem Beitritt zur <strong>Geocaching Community by Geo-Discount.ch<\/strong> erkl\u00e4rst du dich damit einverstanden, dass wir deine Telefonnummer sehen k\u00f6nnen. Andere Mitglieder der Community k\u00f6nnen lediglich deinen Namen einsehen.<\/p>\n\n\n\n<p>Wir legen grossen Wert auf ein respektvolles und freundliches Miteinander. Daher verpflichtest du dich, stets h\u00f6flich zu sein und die Community-Regeln einzuhalten.<\/p>\n\n\n\n<p>Als Teil der Community wirst du automatisch in die <strong>Neuheiten-Gruppe<\/strong> eingeladen, in der wir dich \u00fcber neue Produkte, Events und spannende Geocaching-News informieren. Zus\u00e4tzlich hast du die M\u00f6glichkeit, weiteren Gruppen beizutreten, wie z. B. <strong>Events, Treffen oder Geocaching-Touren<\/strong>, um dich mit anderen Mitgliedern auszutauschen.<\/p>\n\n\n\n<p>Du kannst die Community jederzeit unkompliziert verlassen. Die Teilnahme ist und bleibt selbstverst\u00e4ndlich <strong>kostenlos<\/strong>.<\/p>\n\n\n\n<p><strong>Falls du Fragen hast, stehen wir dir jederzeit zur Verf\u00fcgung. Viel Spass beim Geocachen!<\/strong><br><\/p>\n","protected":false},"excerpt":{"rendered":"<p>Du liebst Geocaching und m\u00f6chtest dich mit anderen Schatzsuchern vernetzen? Dann bist du hier genau richtig! Unsere WhatsApp-Community bringt Geocacher aus der ganzen Schweiz und Liechtenstein zusammen \u2013 schnell, einfach und direkt auf dein Handy! Einfach QR-Code scannen und sofort beitreten.&nbsp; Mit dem Scannen des QR-Codes bist du mit unseren Datenschutz &amp; Community-Richtlinien einverstanden.&nbsp; Was [&hellip;]<\/p>\n","protected":false},"author":1,"featured_media":0,"parent":0,"menu_order":0,"comment_status":"closed","ping_status":"closed","template":"","meta":{"footnotes":""},"class_list":["post-732","page","type-page","status-publish","hentry"],"_links":{"self":[{"href":"https:\/\/www.geo-discount.ch\/blog\/wp-json\/wp\/v2\/pages\/732","targetHints":{"allow":["GET"]}}],"collection":[{"href":"https:\/\/www.geo-discount.ch\/blog\/wp-json\/wp\/v2\/pages"}],"about":[{"href":"https:\/\/www.geo-discount.ch\/blog\/wp-json\/wp\/v2\/types\/page"}],"author":[{"embeddable":true,"href":"https:\/\/www.geo-discount.ch\/blog\/wp-json\/wp\/v2\/users\/1"}],"replies":[{"embeddable":true,"href":"https:\/\/www.geo-discount.ch\/blog\/wp-json\/wp\/v2\/comments?post=732"}],"version-history":[{"count":4,"href":"https:\/\/www.geo-discount.ch\/blog\/wp-json\/wp\/v2\/pages\/732\/revisions"}],"predecessor-version":[{"id":739,"href":"https:\/\/www.geo-discount.ch\/blog\/wp-json\/wp\/v2\/pages\/732\/revisions\/739"}],"wp:attachment":[{"href":"https:\/\/www.geo-discount.ch\/blog\/wp-json\/wp\/v2\/media?parent=732"}],"curies":[{"name":"wp","href":"https:\/\/api.w.org\/{rel}","templated":true}]}}